{"id":21,"date":"2024-11-28T20:42:03","date_gmt":"2024-11-28T20:42:03","guid":{"rendered":"http:\/\/193.194.89.193\/wp_lgar\/?page_id=21"},"modified":"2024-12-05T15:06:14","modified_gmt":"2024-12-05T15:06:14","slug":"communications-internationales","status":"publish","type":"page","link":"https:\/\/lgar.usthb.dz\/index.php\/communications-internationales\/","title":{"rendered":"Communications internationales"},"content":{"rendered":"\n<figure class=\"wp-block-table\"><table><tbody><tr><td>Titre<\/td><td>Accidents de la route et identification des facteurs de risque, cas de la ville d\u2019Alger<\/td><\/tr><tr><td>Auteur<\/td><td><strong>HAMADENE Lynda<\/strong><\/td><\/tr><tr><td>Date<\/td><td>Report\u00e9 \u00e0 mars 2023<\/td><\/tr><tr><td>S\u00e9minaire<\/td><td>Colloque International sur la pr\u00e9vention routi\u00e8re&nbsp;: \u00ab&nbsp;Regards multidisciplinaires sur la pr\u00e9vention routi\u00e8re&nbsp;: quelles actions pour prot\u00e9ger les usagers de la route&nbsp;?&nbsp;\u00bb<\/td><\/tr><tr><td>Lieu<\/td><td>D\u00e9partement de sociologie \u2013 Universit\u00e9 de Sfax &#8211; Tunisie<\/td><\/tr><\/tbody><\/table><\/figure>\n\n\n\n<figure class=\"wp-block-table\"><table><tbody><tr><td>Titre<\/td><td>Evaluation de la classification supervis\u00e9e par la t\u00e9l\u00e9d\u00e9tection&nbsp;: cas d\u2019\u00e9tude d\u2019Alger &#8211; Alg\u00e9rie<\/td><\/tr><tr><td>Auteurs<\/td><td><strong>MADANI Hind<\/strong>, <strong>SETTI Mhammed<\/strong> &amp; AKZIZ Djamel<\/td><\/tr><tr><td>Date<\/td><td>15 &amp; 16\/02\/2023<\/td><\/tr><tr><td>S\u00e9minaire<\/td><td>5<sup>\u00e8me<\/sup> Colloque International CIGSDD2022 sur les G\u00e9osciences au service du d\u00e9veloppement durable<\/td><\/tr><tr><td>Lieu<\/td><td>Universit\u00e9 Larbi Tebessi \u2013 T\u00e9bessa. D\u00e9partement des sciences de la terre et de l\u2019univers<\/td><\/tr><\/tbody><\/table><\/figure>\n\n\n\n<figure class=\"wp-block-table\"><table><tbody><tr><td>Titre<\/td><td>Participation orale<\/td><\/tr><tr><td>Auteur<\/td><td><strong>HAMADENE Lynda<\/strong><\/td><\/tr><tr><td>Date<\/td><td>07 au 09 juin 2023<\/td><\/tr><tr><td>S\u00e9minaire<\/td><td>Colloque international \u00ab&nbsp;Rencontre Francophones Transport et Mobilit\u00e9&nbsp;\u00bb<\/td><\/tr><tr><td>Lieu<\/td><td>Laboratoire de G\u00e9ographie \u2013 THEMA CNRS \u2013 Dijon &#8211; France<\/td><\/tr><\/tbody><\/table><\/figure>\n\n\n\n<figure class=\"wp-block-table\"><table><tbody><tr><td>Titre<\/td><td>Participation orale<\/td><\/tr><tr><td>Auteur<\/td><td><strong>AIT TALEB Mourad<\/strong><\/td><\/tr><tr><td>Date<\/td><td>07 au 09 juin 2023<\/td><\/tr><tr><td>S\u00e9minaire<\/td><td>Colloque international \u00ab&nbsp;Rencontre Francophones Transport et Mobilit\u00e9&nbsp;\u00bb<\/td><\/tr><tr><td>Lieu<\/td><td>Laboratoire de G\u00e9ographie \u2013 THEMA CNRS \u2013 Dijon &#8211; France<\/td><\/tr><\/tbody><\/table><\/figure>\n\n\n\n<figure class=\"wp-block-table\"><table><tbody><tr><td>Titre<\/td><td>Participation orale<\/td><\/tr><tr><td>Auteur<\/td><td><strong>BOUCHAMA Ouahiba<\/strong><\/td><\/tr><tr><td>Date<\/td><td>07 au 09 juin 2023<\/td><\/tr><tr><td>S\u00e9minaire<\/td><td>Colloque international \u00ab&nbsp;Rencontre Francophones Transport et Mobilit\u00e9&nbsp;\u00bb<\/td><\/tr><tr><td>Lieu<\/td><td>Laboratoire de G\u00e9ographie \u2013 THEMA CNRS \u2013 Dijon &#8211; France<\/td><\/tr><\/tbody><\/table><\/figure>\n\n\n\n<figure class=\"wp-block-table\"><table><tbody><tr><td>Titre<\/td><td>Participation orale<\/td><\/tr><tr><td>Auteur<\/td><td><strong>SAADI Hasna<\/strong><\/td><\/tr><tr><td>Date<\/td><td>15 au 17 Avril 2024<\/td><\/tr><tr><td>S\u00e9minaire<\/td><td>2024 IEEE Mediterranean and Middle-East Geoscience and Remote Sensing Symposium<\/td><\/tr><tr><td>Lieu<\/td><td>Oran \u2013 Alg\u00e9rie &#8211;<\/td><\/tr><\/tbody><\/table><\/figure>\n\n\n\n<figure class=\"wp-block-table\"><table><tbody><tr><td>Titre<\/td><td>La croissance urbaine et l\u2019horizon de l\u2019expansion durable&nbsp;: cas de la ville de Boussa\u00e2da.<\/td><\/tr><tr><td>Auteurs<\/td><td><strong>SAIDI Mohamed<\/strong>, <strong>SARDOU Abdelhadi &amp; SETTI Mhammed<\/strong><\/td><\/tr><tr><td>Date<\/td><td>15 &amp; 16\/02\/2023<\/td><\/tr><tr><td>S\u00e9minaire<\/td><td>5<sup>\u00e8me<\/sup> Colloque International CIGSDD2022 sur les G\u00e9osciences au service du d\u00e9veloppement durable<\/td><\/tr><tr><td>Lieu<\/td><td>Universit\u00e9 Larbi T\u00e9bessi \u2013 T\u00e9bessa. D\u00e9partement des sciences de la terre et de l\u2019univers<\/td><\/tr><\/tbody><\/table><\/figure>\n\n\n\n<figure class=\"wp-block-table\"><table><tbody><tr><td>L\u2019utilisation du Syst\u00e8me d\u2019Information G\u00e9ographique SIG dans la gestion des d\u00e9chets solides m\u00e9nagers<\/td><\/tr><tr><td><strong>BOUMARAF Hocine <\/strong>&amp; Dahmouche Faiza<\/td><\/tr><tr><td>15 &amp; 16\/02\/2023<\/td><\/tr><tr><td>5<sup>\u00e8me<\/sup> Colloque International CIGSDD2022 sur les G\u00e9osciences au service du d\u00e9veloppement durable<\/td><\/tr><tr><td>Universit\u00e9 Larbi T\u00e9bessi \u2013 T\u00e9bessa. D\u00e9partement des sciences de la terre et de l\u2019univers<\/td><\/tr><\/tbody><\/table><\/figure>\n\n\n\n<figure class=\"wp-block-table\"><table><tbody><tr><td><br>Titre<\/td><td>La probl\u00e9matique de l\u2019am\u00e9nagement et de l\u2019urbanisme en Alg\u00e9rie&nbsp;: Les infractions urbanistiques, cas d\u2019\u00e9tude wilaya de Blida<\/td><\/tr><tr><td>Auteurs<\/td><td>IKHLEFHOUM Karim &amp; <strong>SARDOU Abdelhadi<\/strong><\/td><\/tr><tr><td>Date<\/td><td>15 &amp; 16\/02\/2023<\/td><\/tr><tr><td>S\u00e9minaire<\/td><td>5<sup>\u00e8me<\/sup> Colloque International CIGSDD2022 sur les G\u00e9osciences au service du d\u00e9veloppement durable<\/td><\/tr><tr><td>Lieu<\/td><td>Universit\u00e9 Larbi T\u00e9bessi \u2013 T\u00e9bessa. D\u00e9partement des sciences de la terre et de l\u2019univers<\/td><\/tr><\/tbody><\/table><\/figure>\n\n\n\n<figure class=\"wp-block-table\"><table><tbody><tr><td><br>Titre<\/td><td>Impacts de la d\u00e9sertification et anarchie des expansions urbaines dans les hautes plaines occidentales&nbsp;: cas de la ville d\u2019El Bayadh<\/td><\/tr><tr><td>Auteurs<\/td><td><strong>SARDOU Abdelhadi, DJELDJLI Abdelhadi, SETTI Mhammed<\/strong>, <strong>BELAID Lies<\/strong>, IKHLEFHOUM Karim &amp; <strong>SAIDI Mohamed<\/strong><\/td><\/tr><tr><td>Date<\/td><td>15 &amp; 16\/02\/2023<\/td><\/tr><tr><td>S\u00e9minaire<\/td><td>5<sup>\u00e8me<\/sup> Colloque International CIGSDD2022 sur les G\u00e9osciences au service du d\u00e9veloppement durable<\/td><\/tr><tr><td>Lieu<\/td><td>Universit\u00e9 Larbi T\u00e9bessi \u2013 T\u00e9bessa. D\u00e9partement des sciences de la terre et de l\u2019univers<\/td><\/tr><\/tbody><\/table><\/figure>\n\n\n\n<figure class=\"wp-block-table\"><table><tbody><tr><td><br>Titre<\/td><td>The problem of water supply in the algerian steppe region \u2013 the case of Djelfa wilaya \u2013 using GIS and remote sensing data<\/td><\/tr><tr><td>Auteurs<\/td><td>FAKROUN Mustapha Fouad, <strong>BELAID Lies, HAMADENE Lynda,<\/strong> KHERROUR Louardi &amp; BELAROUI Hakim<\/td><\/tr><tr><td>Date<\/td><td>15 &amp; 16\/02\/2023<\/td><\/tr><tr><td>S\u00e9minaire<\/td><td>5<sup>\u00e8me<\/sup> Colloque International CIGSDD2022 sur les G\u00e9osciences au service du d\u00e9veloppement durable<\/td><\/tr><tr><td>Lieu<\/td><td>Universit\u00e9 Larbi T\u00e9bessi \u2013 T\u00e9bessa. D\u00e9partement des sciences de la terre et de l\u2019univers<\/td><\/tr><\/tbody><\/table><\/figure>\n\n\n\n<figure class=\"wp-block-table\"><table><tbody><tr><td>Titre<\/td><td>La pollution visuelle dans les sites du patrimoine urbain des villes \u2013 centre du vieux Tebessa-<\/td><\/tr><tr><td>Auteurs<\/td><td><strong>MOKHTARI Mustapha<\/strong>, BOUCHAMA Leila, FAREH Mohamed &amp; MELLAK Ghada<\/td><\/tr><tr><td>Date<\/td><td>15 &amp; 16\/02\/2023<\/td><\/tr><tr><td>S\u00e9minaire<\/td><td>5<sup>\u00e8me<\/sup> Colloque International CIGSDD2022 sur les G\u00e9osciences au service du d\u00e9veloppement durable<\/td><\/tr><tr><td>Lieu<\/td><td>Universit\u00e9 Larbi T\u00e9bessi \u2013 T\u00e9bessa. D\u00e9partement des sciences de la terre et de l\u2019univers<\/td><\/tr><\/tbody><\/table><\/figure>\n\n\n\n<figure class=\"wp-block-table\"><table><tbody><tr><td>Titre<\/td><td>Evaluation de la classification supervis\u00e9e par la t\u00e9l\u00e9d\u00e9tection&nbsp;: cas d\u2019\u00e9tude Alger \u2013 Alg\u00e9rie &#8211;<\/td><\/tr><tr><td>Auteurs<\/td><td><strong>MADANI Hind,<\/strong> AKZIZ Djamel &amp; <strong>SETTI Mhammed<\/strong><\/td><\/tr><tr><td>Date<\/td><td>15 &amp; 16\/02\/2023<\/td><\/tr><tr><td>S\u00e9minaire<\/td><td>5<sup>\u00e8me<\/sup> Colloque International CIGSDD2022 sur les G\u00e9osciences au service du d\u00e9veloppement durable<\/td><\/tr><tr><td>Lieu<\/td><td>Universit\u00e9 Larbi Tebessi \u2013 T\u00e9bessa. D\u00e9partement des sciences de la terre et de l\u2019univers<\/td><\/tr><\/tbody><\/table><\/figure>\n\n\n\n<figure class=\"wp-block-table\"><table><tbody><tr><td><br>Titre<\/td><td>Le r\u00f4le du patrimoine architectural et urbanistique dans le d\u00e9veloppement de l\u2019\u00e9conomie urbaine. Cas Vieux Tunis et Casbah d\u2019Alger<\/td><\/tr><tr><td>Auteurs<\/td><td>GUIZANI Mounir &amp; <strong>BOUCHAMA Ouahiba<\/strong><\/td><\/tr><tr><td>Date<\/td><td>06 &amp; 07 mai 2024<\/td><\/tr><tr><td>S\u00e9minaire<\/td><td>1<sup>er<\/sup> S\u00e9minaire international sur le patrimoine architectural et urbanistique en Alg\u00e9rie<\/td><\/tr><tr><td>Lieu<\/td><td>Institut d\u2019architecture et d\u2019urbanisme \u2013 Universit\u00e9 Batna 1<\/td><\/tr><\/tbody><\/table><\/figure>\n\n\n\n<figure class=\"wp-block-table\"><table><tbody><tr><td>Titre<\/td><td>Les paris et les d\u00e9fis du d\u00e9veloppement touristique dans la wilaya d\u2019Adrar \u2013 Alg\u00e9rie &#8211;<\/td><\/tr><tr><td>Auteur<\/td><td><strong>BOUCHAMA Ouahiba<\/strong><\/td><\/tr><tr><td>Date<\/td><td>29 &amp; 30 Avril 2024<\/td><\/tr><tr><td><br>S\u00e9minaire<\/td><td>3<sup>\u00e8me<\/sup> s\u00e9minaire international sur \u00ab&nbsp;l\u2019urbanisme et l\u2019architecture rurale et saharienne en Alg\u00e9rie&nbsp;: les actions de protection et les m\u00e9canismes de r\u00e9habilitation touristique et culturelle<\/td><\/tr><tr><td>Lieu<\/td><td>D\u00e9partement d\u2019histoire, Facult\u00e9 des sciences humaines et sociologiques, Universit\u00e9 Mohamed Boudiaf \u2013 Msila &#8211;<\/td><\/tr><\/tbody><\/table><\/figure>\n\n\n\n<figure class=\"wp-block-table\"><table><tbody><tr><td>Titre<\/td><td>Evolution de l\u2019ilot r\u00e9sidentiel dans la ville saharienne&nbsp;: cas de Laghouat<\/td><\/tr><tr><td>Auteurs<\/td><td>BENARFA Kamal &amp; <strong>SACI Mohamed<\/strong><\/td><\/tr><tr><td>Date<\/td><td>3 &amp; 4 mai 2023<\/td><\/tr><tr><td><br>S\u00e9minaire<\/td><td>1<sup>er<\/sup> S\u00e9minaire international \u00ab&nbsp;Architecture et urbanisme durables dans les r\u00e9gions arides et semi-arides&nbsp;: R\u00e9alit\u00e9s et d\u00e9fis<\/td><\/tr><tr><td>Lieu<\/td><td>D\u00e9partement d\u2019Architecture. Facult\u00e9 de G\u00e9nie Civil et Architecture. Universit\u00e9 Amar Telidji \u2013 Laghouat &#8211;<\/td><\/tr><\/tbody><\/table><\/figure>\n\n\n\n<p><\/p>\n","protected":false},"excerpt":{"rendered":"<p>Titre Accidents de la route et identification des facteurs de risque, cas de la ville d\u2019Alger Auteur HAMADENE Lynda Date Report\u00e9 \u00e0 mars 2023 S\u00e9minaire Colloque International sur la pr\u00e9vention routi\u00e8re&nbsp;: \u00ab&nbsp;Regards multidisciplinaires sur la pr\u00e9vention routi\u00e8re&nbsp;: quelles actions pour <span class=\"readmore\"><a href=\"https:\/\/lgar.usthb.dz\/index.php\/communications-internationales\/\">Continue Reading<\/a><\/span><\/p>\n","protected":false},"author":1,"featured_media":0,"parent":0,"menu_order":0,"comment_status":"closed","ping_status":"closed","template":"","meta":{"footnotes":""},"class_list":["post-21","page","type-page","status-publish","hentry"],"_links":{"self":[{"href":"https:\/\/lgar.usthb.dz\/index.php\/wp-json\/wp\/v2\/pages\/21","targetHints":{"allow":["GET"]}}],"collection":[{"href":"https:\/\/lgar.usthb.dz\/index.php\/wp-json\/wp\/v2\/pages"}],"about":[{"href":"https:\/\/lgar.usthb.dz\/index.php\/wp-json\/wp\/v2\/types\/page"}],"author":[{"embeddable":true,"href":"https:\/\/lgar.usthb.dz\/index.php\/wp-json\/wp\/v2\/users\/1"}],"replies":[{"embeddable":true,"href":"https:\/\/lgar.usthb.dz\/index.php\/wp-json\/wp\/v2\/comments?post=21"}],"version-history":[{"count":9,"href":"https:\/\/lgar.usthb.dz\/index.php\/wp-json\/wp\/v2\/pages\/21\/revisions"}],"predecessor-version":[{"id":258,"href":"https:\/\/lgar.usthb.dz\/index.php\/wp-json\/wp\/v2\/pages\/21\/revisions\/258"}],"wp:attachment":[{"href":"https:\/\/lgar.usthb.dz\/index.php\/wp-json\/wp\/v2\/media?parent=21"}],"curies":[{"name":"wp","href":"https:\/\/api.w.org\/{rel}","templated":true}]}}