{"id":22,"date":"2024-11-28T20:43:05","date_gmt":"2024-11-28T20:43:05","guid":{"rendered":"http:\/\/193.194.89.193\/wp_lgar\/?page_id=22"},"modified":"2024-12-05T15:35:11","modified_gmt":"2024-12-05T15:35:11","slug":"communications-nationales","status":"publish","type":"page","link":"https:\/\/lgar.usthb.dz\/index.php\/communications-nationales\/","title":{"rendered":"Communications nationales"},"content":{"rendered":"\n<figure class=\"wp-block-table\"><table><tbody><tr><td>Titre<\/td><td>Evolution de l\u2019ilot r\u00e9sidentiel dans la ville saharienne&nbsp;: cas de Laghouat<\/td><\/tr><tr><td>Auteurs<\/td><td>BENARFA Kamal &amp; <strong>SACI Mohamed<\/strong><\/td><\/tr><tr><td>Date<\/td><td>3 &amp; 4 mai 2023<\/td><\/tr><tr><td><br>S\u00e9minaire<\/td><td>1<sup>er<\/sup> S\u00e9minaire international \u00ab&nbsp;Architecture et urbanisme durables dans les r\u00e9gions arides et semi-arides&nbsp;: R\u00e9alit\u00e9s et d\u00e9fis<\/td><\/tr><tr><td>Lieu<\/td><td>D\u00e9partement d\u2019Architecture. Facult\u00e9 de G\u00e9nie Civil et Architecture. Universit\u00e9 Amar Telidji \u2013 Laghouat &#8211;<\/td><\/tr><\/tbody><\/table><\/figure>\n\n\n\n<figure class=\"wp-block-table\"><table><tbody><tr><td><br>Titre<\/td><td>Etude des incendies de for\u00eats dans le Nord-Est alg\u00e9rien \u00e0 l\u2019aide d\u2019images satellitaires ENVI, et l\u2019indicateur de v\u00e9g\u00e9tation NDVI<\/td><\/tr><tr><td>Auteurs<\/td><td><strong>MADANI Hind<\/strong>, <strong>SETTI Mhammed<\/strong> &amp; BELAROUI Abdelhakim<\/td><\/tr><tr><td>Date<\/td><td>15 au 17\/07\/2023<\/td><\/tr><tr><td>S\u00e9minaire<\/td><td>S\u00e9minaire National de la G\u00e9omatique et Domaine d\u2019Application &#8211; SNGDA<\/td><\/tr><tr><td>Lieu<\/td><td>USTHB &#8211; Alger<\/td><\/tr><\/tbody><\/table><\/figure>\n\n\n\n<figure class=\"wp-block-table\"><table><tbody><tr><td><br>Titre<\/td><td>Flood susceptibility mapping using GIS gamps&nbsp;: RS data and AHP<\/td><\/tr><tr><td>Auteurs<\/td><td><strong>TAIBI Brahim El Khalil<\/strong>, CHAKALI Ahmed Nadjib &amp; BELGHARBI Aymen<\/td><\/tr><tr><td>Date<\/td><td>15 au 17\/07\/2023<\/td><\/tr><tr><td>S\u00e9minaire<\/td><td>S\u00e9minaire National de la G\u00e9omatique et Domaine d\u2019Application &#8211; SNGDA<\/td><\/tr><tr><td>Lieu<\/td><td>USTHB &#8211; Alger<\/td><\/tr><\/tbody><\/table><\/figure>\n\n\n\n<figure class=\"wp-block-table\"><table><tbody><tr><td>Titre<\/td><td>Valorisation des potentialit\u00e9s touristiques dans la wilaya d\u2019Adrar pour une redynamisation du tourisme saharien<\/td><\/tr><tr><td>Auteur<\/td><td><strong>BOUCHAMA Ouahiba<\/strong><\/td><\/tr><tr><td>Date<\/td><td>13 mars 2023<\/td><\/tr><tr><td>S\u00e9minaire<\/td><td>S\u00e9minaire national sur l\u2019information touristique et le patrimoine culturel local<\/td><\/tr><tr><td>Lieu<\/td><td>D\u00e9partement des sciences humaines, Facult\u00e9 des sciences sociales et humaines, Universit\u00e9 Abbas Laghrour \u2013 Khenchela<\/td><\/tr><\/tbody><\/table><\/figure>\n\n\n\n<figure class=\"wp-block-table\"><table><tbody><tr><td>Titre<\/td><td>Les Casbah d\u2019Alg\u00e9rie, patrimoine civilisationnel d\u00e9fiant l\u2019extinction&nbsp;: Cas de la Casbah de Mazouna (w Relizane)<\/td><\/tr><tr><td>Auteur<\/td><td><strong>BOUCHAMA Ouahiba<\/strong><\/td><\/tr><tr><td>Date<\/td><td>11 mai 2023<\/td><\/tr><tr><td>S\u00e9minaire<\/td><td>S\u00e9minaire national sur l\u2019h\u00e9ritage mat\u00e9riel et immat\u00e9riel en Alg\u00e9rie et son r\u00f4le dans le d\u00e9veloppement durable<\/td><\/tr><tr><td>Lieu<\/td><td>D\u00e9partement d\u2019Histoire, Facult\u00e9 des sciences humaines, Universit\u00e9 Abou elkassem Saadellah \u2013 Alger 2<\/td><\/tr><\/tbody><\/table><\/figure>\n\n\n\n<figure class=\"wp-block-table\"><table><tbody><tr><td>Titre<\/td><td>L\u2019eau potable et la probl\u00e9matique de la durabilit\u00e9<\/td><\/tr><tr><td>Auteur<\/td><td><strong>SARDOU Abdelhadi<\/strong><\/td><\/tr><tr><td>Date<\/td><td>Octobre 2023<\/td><\/tr><tr><td>S\u00e9minaire<\/td><td>Journ\u00e9e d\u2019\u00e9tude sur \u00ab&nbsp;La s\u00e9curit\u00e9 de l\u2019eau entre r\u00e9alit\u00e9 et les paris de la durabilit\u00e9&nbsp;\u00bb<\/td><\/tr><tr><td>Lieu<\/td><td>Facult\u00e9 des sciences humaines et sociologiques \u2013 Universit\u00e9 Ziane Achour &#8211; Djelfa<\/td><\/tr><\/tbody><\/table><\/figure>\n\n\n\n<figure class=\"wp-block-table\"><table><tbody><tr><td>Titre<\/td><td>La r\u00e9alit\u00e9 du d\u00e9veloppement urbain durable<\/td><\/tr><tr><td>Auteur<\/td><td><strong>SARDOU Abdelhadi<\/strong><\/td><\/tr><tr><td>Date<\/td><td>02 Octobre 2023<\/td><\/tr><tr><td>S\u00e9minaire<\/td><td>Journ\u00e9e d\u2019\u00e9tude sur \u00ab&nbsp;La politique de l\u2019habitat sous les d\u00e9fis du d\u00e9veloppement durable&nbsp;\u00bb<\/td><\/tr><tr><td>Lieu<\/td><td>Facult\u00e9 des sciences humaines et sociologiques \u2013 Universit\u00e9 Ziane Achour &#8211; Djelfa<\/td><\/tr><\/tbody><\/table><\/figure>\n\n\n\n<figure class=\"wp-block-table\"><table><tbody><tr><td>Titre<\/td><td>Les illustrations graphiques&nbsp;: meilleures outils pour l\u2019analyse g\u00e9ographique<\/td><\/tr><tr><td>Auteur<\/td><td><strong>BOUCHAMA Ouahiba<\/strong><\/td><\/tr><tr><td>Date<\/td><td>04 d\u00e9cembre 2023<\/td><\/tr><tr><td>S\u00e9minaire<\/td><td>S\u00e9minaire national sur les documents g\u00e9ographiques&nbsp;: Importance et utilisation en p\u00e9dagogie et recherche scientifique<\/td><\/tr><tr><td>Lieu<\/td><td>D\u00e9partement d\u2019Histoire, Facult\u00e9 des sciences humaines, Universit\u00e9 Abou elkassem Saadellah \u2013 Alger 2<\/td><\/tr><\/tbody><\/table><\/figure>\n","protected":false},"excerpt":{"rendered":"<p>Titre Evolution de l\u2019ilot r\u00e9sidentiel dans la ville saharienne&nbsp;: cas de Laghouat Auteurs BENARFA Kamal &amp; SACI Mohamed Date 3 &amp; 4 mai 2023 S\u00e9minaire 1er S\u00e9minaire international \u00ab&nbsp;Architecture et urbanisme durables dans les r\u00e9gions arides et semi-arides&nbsp;: R\u00e9alit\u00e9s et <span class=\"readmore\"><a href=\"https:\/\/lgar.usthb.dz\/index.php\/communications-nationales\/\">Continue Reading<\/a><\/span><\/p>\n","protected":false},"author":1,"featured_media":0,"parent":0,"menu_order":0,"comment_status":"closed","ping_status":"closed","template":"","meta":{"footnotes":""},"class_list":["post-22","page","type-page","status-publish","hentry"],"_links":{"self":[{"href":"https:\/\/lgar.usthb.dz\/index.php\/wp-json\/wp\/v2\/pages\/22","targetHints":{"allow":["GET"]}}],"collection":[{"href":"https:\/\/lgar.usthb.dz\/index.php\/wp-json\/wp\/v2\/pages"}],"about":[{"href":"https:\/\/lgar.usthb.dz\/index.php\/wp-json\/wp\/v2\/types\/page"}],"author":[{"embeddable":true,"href":"https:\/\/lgar.usthb.dz\/index.php\/wp-json\/wp\/v2\/users\/1"}],"replies":[{"embeddable":true,"href":"https:\/\/lgar.usthb.dz\/index.php\/wp-json\/wp\/v2\/comments?post=22"}],"version-history":[{"count":6,"href":"https:\/\/lgar.usthb.dz\/index.php\/wp-json\/wp\/v2\/pages\/22\/revisions"}],"predecessor-version":[{"id":265,"href":"https:\/\/lgar.usthb.dz\/index.php\/wp-json\/wp\/v2\/pages\/22\/revisions\/265"}],"wp:attachment":[{"href":"https:\/\/lgar.usthb.dz\/index.php\/wp-json\/wp\/v2\/media?parent=22"}],"curies":[{"name":"wp","href":"https:\/\/api.w.org\/{rel}","templated":true}]}}