{"id":267,"date":"2024-12-05T15:20:42","date_gmt":"2024-12-05T15:20:42","guid":{"rendered":"http:\/\/193.194.89.193\/wp_lgar\/?page_id=267"},"modified":"2024-12-08T08:42:01","modified_gmt":"2024-12-08T08:42:01","slug":"autres","status":"publish","type":"page","link":"https:\/\/lgar.usthb.dz\/index.php\/autres\/","title":{"rendered":"Autres"},"content":{"rendered":"\n<figure class=\"wp-block-table\"><table><tbody><tr><td>EXPERTISE<br> <strong>SETTI M\u2019hammed<\/strong>. Mai 2023<strong>. Expertise d\u2019un polycopi\u00e9 de cours<\/strong>. IKHLEFHOUM Karim. \u00ab&nbsp; L\u2019Analyse D\u00e9mographique&nbsp;\u00bb 2<sup>\u00e8me<\/sup> ann\u00e9e GAT. D\u00e9partement de G\u00e9ographie et d\u2019Am\u00e9nagement du Territoire. FSTGAT \u2013 USTHB &#8211; Alger<\/td><\/tr><\/tbody><\/table><\/figure>\n\n\n\n<figure class=\"wp-block-table\"><table><tbody><tr><td><strong>POLYCOPIE<\/strong><br><strong>BELAID Lies<\/strong>. 06 d\u00e9cembre 2023<strong>. Validation d\u2019un polycopi\u00e9 de cours<\/strong>. \u00ab Application de la T\u00e9l\u00e9d\u00e9tection et Syst\u00e8mes d\u2019Information G\u00e9ographique (SIG) \u2013 ARC GIS \u2013 DESKTOP \u00bb. Licence &amp; Master. D\u00e9partement de G\u00e9ographie et d\u2019Am\u00e9nagement du Territoire. FSTGAT \u2013 USTHB &#8211; Alger<\/td><\/tr><\/tbody><\/table><\/figure>\n\n\n\n<figure class=\"wp-block-table\"><table><tbody><tr><td><strong>JOURNEE D\u2019ETUDE<\/strong><br><strong>SACI Mohamed<\/strong>. 09 mai 2024. <strong>Membre du comit\u00e9 scientifique.<\/strong> Fourth Doctoral Day of Civil Engineering and Architecture Faculty. Facult\u00e9 de G\u00e9nie Civil et Architecture. Universit\u00e9 Amar Telidji \u2013 Laghouat<\/td><\/tr><\/tbody><\/table><\/figure>\n\n\n\n<figure class=\"wp-block-table\"><table><tbody><tr><td><strong>JOURNEE D\u2019ETUDE<\/strong><br><strong>SACI Mohamed<\/strong>. 30 Avril 2024. <strong>Membre du comit\u00e9 d\u2019organisation.<\/strong> The study and training day on\u00a0: \u00ab\u00a0Exploration of Google cloud platforms in remote sensing fields\u00a0\u00bb. Facult\u00e9 de G\u00e9nie Civil et Architecture. Universit\u00e9 Amar Telidji \u2013 Laghouat<\/td><\/tr><\/tbody><\/table><\/figure>\n\n\n\n<figure class=\"wp-block-table\"><table><tbody><tr><td><strong>M<\/strong>ASTER<br>P<strong>lus d\u2019<\/strong><strong>une centaine<\/strong> <strong>de m\u00e9moires de<\/strong> <strong>Master <\/strong><strong>soutenus ont \u00e9t\u00e9 encadr\u00e9s par les 24 enseignants chercheurs du laboratoire, chacun dans sa facult\u00e9, durant les ann\u00e9es 2023 &amp; 2024.<\/strong><\/td><\/tr><\/tbody><\/table><\/figure>\n","protected":false},"excerpt":{"rendered":"<p>EXPERTISE SETTI M\u2019hammed. Mai 2023. Expertise d\u2019un polycopi\u00e9 de cours. IKHLEFHOUM Karim. \u00ab&nbsp; L\u2019Analyse D\u00e9mographique&nbsp;\u00bb 2\u00e8me ann\u00e9e GAT. D\u00e9partement de G\u00e9ographie et d\u2019Am\u00e9nagement du Territoire. FSTGAT \u2013 USTHB &#8211; Alger POLYCOPIEBELAID Lies. 06 d\u00e9cembre 2023. Validation d\u2019un polycopi\u00e9 de cours. <span class=\"readmore\"><a href=\"https:\/\/lgar.usthb.dz\/index.php\/autres\/\">Continue Reading<\/a><\/span><\/p>\n","protected":false},"author":1,"featured_media":0,"parent":0,"menu_order":0,"comment_status":"closed","ping_status":"closed","template":"","meta":{"footnotes":""},"class_list":["post-267","page","type-page","status-publish","hentry"],"_links":{"self":[{"href":"https:\/\/lgar.usthb.dz\/index.php\/wp-json\/wp\/v2\/pages\/267","targetHints":{"allow":["GET"]}}],"collection":[{"href":"https:\/\/lgar.usthb.dz\/index.php\/wp-json\/wp\/v2\/pages"}],"about":[{"href":"https:\/\/lgar.usthb.dz\/index.php\/wp-json\/wp\/v2\/types\/page"}],"author":[{"embeddable":true,"href":"https:\/\/lgar.usthb.dz\/index.php\/wp-json\/wp\/v2\/users\/1"}],"replies":[{"embeddable":true,"href":"https:\/\/lgar.usthb.dz\/index.php\/wp-json\/wp\/v2\/comments?post=267"}],"version-history":[{"count":2,"href":"https:\/\/lgar.usthb.dz\/index.php\/wp-json\/wp\/v2\/pages\/267\/revisions"}],"predecessor-version":[{"id":295,"href":"https:\/\/lgar.usthb.dz\/index.php\/wp-json\/wp\/v2\/pages\/267\/revisions\/295"}],"wp:attachment":[{"href":"https:\/\/lgar.usthb.dz\/index.php\/wp-json\/wp\/v2\/media?parent=267"}],"curies":[{"name":"wp","href":"https:\/\/api.w.org\/{rel}","templated":true}]}}