{"id":281,"date":"2024-12-05T15:36:16","date_gmt":"2024-12-05T15:36:16","guid":{"rendered":"http:\/\/193.194.89.193\/wp_lgar\/?page_id=281"},"modified":"2024-12-05T15:36:17","modified_gmt":"2024-12-05T15:36:17","slug":"ouvrages","status":"publish","type":"page","link":"https:\/\/lgar.usthb.dz\/index.php\/ouvrages\/","title":{"rendered":"Ouvrages"},"content":{"rendered":"\n<figure class=\"wp-block-table\"><table><tbody><tr><td><br>Titre<\/td><td>La ville historique d\u2019Alg\u00e9rie entre mythe et r\u00e9alit\u00e9&nbsp;: les d\u00e9fis de l\u2019int\u00e9gration du patrimoine historique dans le processus de d\u00e9veloppement des villes<\/td><\/tr><tr><td>Auteurs<\/td><td><strong>BOUCHAMA Ouahiba, <\/strong>MEFTAH Saida &amp;<strong> HAMADENE Lynda<\/strong><\/td><\/tr><tr><td>Date<\/td><td>Juin 2023<\/td><\/tr><tr><td>Maison d\u2019\u00e9dition<\/td><td>Editions Notre Savoir ISBN-10&nbsp;: 6206123413 ISBN-13&nbsp;: 978-6206123415<\/td><\/tr><\/tbody><\/table><\/figure>\n","protected":false},"excerpt":{"rendered":"<p>Titre La ville historique d\u2019Alg\u00e9rie entre mythe et r\u00e9alit\u00e9&nbsp;: les d\u00e9fis de l\u2019int\u00e9gration du patrimoine historique dans le processus de d\u00e9veloppement des villes Auteurs BOUCHAMA Ouahiba, MEFTAH Saida &amp; HAMADENE Lynda Date Juin 2023 Maison d\u2019\u00e9dition Editions Notre Savoir ISBN-10&nbsp;: <span class=\"readmore\"><a href=\"https:\/\/lgar.usthb.dz\/index.php\/ouvrages\/\">Continue Reading<\/a><\/span><\/p>\n","protected":false},"author":1,"featured_media":0,"parent":0,"menu_order":0,"comment_status":"closed","ping_status":"closed","template":"","meta":{"footnotes":""},"class_list":["post-281","page","type-page","status-publish","hentry"],"_links":{"self":[{"href":"https:\/\/lgar.usthb.dz\/index.php\/wp-json\/wp\/v2\/pages\/281","targetHints":{"allow":["GET"]}}],"collection":[{"href":"https:\/\/lgar.usthb.dz\/index.php\/wp-json\/wp\/v2\/pages"}],"about":[{"href":"https:\/\/lgar.usthb.dz\/index.php\/wp-json\/wp\/v2\/types\/page"}],"author":[{"embeddable":true,"href":"https:\/\/lgar.usthb.dz\/index.php\/wp-json\/wp\/v2\/users\/1"}],"replies":[{"embeddable":true,"href":"https:\/\/lgar.usthb.dz\/index.php\/wp-json\/wp\/v2\/comments?post=281"}],"version-history":[{"count":1,"href":"https:\/\/lgar.usthb.dz\/index.php\/wp-json\/wp\/v2\/pages\/281\/revisions"}],"predecessor-version":[{"id":282,"href":"https:\/\/lgar.usthb.dz\/index.php\/wp-json\/wp\/v2\/pages\/281\/revisions\/282"}],"wp:attachment":[{"href":"https:\/\/lgar.usthb.dz\/index.php\/wp-json\/wp\/v2\/media?parent=281"}],"curies":[{"name":"wp","href":"https:\/\/api.w.org\/{rel}","templated":true}]}}