{"id":31,"date":"2024-11-28T20:46:07","date_gmt":"2024-11-28T20:46:07","guid":{"rendered":"http:\/\/193.194.89.193\/wp_lgar\/?page_id=31"},"modified":"2024-11-30T14:24:58","modified_gmt":"2024-11-30T14:24:58","slug":"contact","status":"publish","type":"page","link":"https:\/\/lgar.usthb.dz\/index.php\/contact\/","title":{"rendered":"Contact"},"content":{"rendered":"\n<p>T\u00e9l\u00e9phone&nbsp;: (00213) 662044377<\/p>\n\n\n\n<p>Mail&nbsp;: <a href=\"mailto:settimhammed@yahoo.fr\">settimhammed@yahoo.fr<\/a><\/p>\n\n\n\n<p><a href=\"mailto:msetti@usthb.dz\">msetti@usthb.dz<\/a><\/p>\n\n\n\n<p>Adresse postale&nbsp;: Laboratoire de G\u00e9ographie et d\u2019Am\u00e9nagement R\u00e9gional<\/p>\n\n\n\n<p>Facult\u00e9 des sciences de la terre, de la g\u00e9ographie et de l\u2019am\u00e9nagement du Territoire<\/p>\n\n\n\n<p><a><\/a> BP&nbsp;: n\u00b032, El-Alia, 16111, Bab Ezzouar &#8211; Alger<\/p>\n","protected":false},"excerpt":{"rendered":"<p>T\u00e9l\u00e9phone&nbsp;: (00213) 662044377 Mail&nbsp;: settimhammed@yahoo.fr msetti@usthb.dz Adresse postale&nbsp;: Laboratoire de G\u00e9ographie et d\u2019Am\u00e9nagement R\u00e9gional Facult\u00e9 des sciences de la terre, de la g\u00e9ographie et de l\u2019am\u00e9nagement du Territoire BP&nbsp;: n\u00b032, El-Alia, 16111, Bab Ezzouar &#8211; Alger<\/p>\n","protected":false},"author":1,"featured_media":0,"parent":0,"menu_order":0,"comment_status":"closed","ping_status":"closed","template":"","meta":{"footnotes":""},"class_list":["post-31","page","type-page","status-publish","hentry"],"_links":{"self":[{"href":"https:\/\/lgar.usthb.dz\/index.php\/wp-json\/wp\/v2\/pages\/31","targetHints":{"allow":["GET"]}}],"collection":[{"href":"https:\/\/lgar.usthb.dz\/index.php\/wp-json\/wp\/v2\/pages"}],"about":[{"href":"https:\/\/lgar.usthb.dz\/index.php\/wp-json\/wp\/v2\/types\/page"}],"author":[{"embeddable":true,"href":"https:\/\/lgar.usthb.dz\/index.php\/wp-json\/wp\/v2\/users\/1"}],"replies":[{"embeddable":true,"href":"https:\/\/lgar.usthb.dz\/index.php\/wp-json\/wp\/v2\/comments?post=31"}],"version-history":[{"count":2,"href":"https:\/\/lgar.usthb.dz\/index.php\/wp-json\/wp\/v2\/pages\/31\/revisions"}],"predecessor-version":[{"id":171,"href":"https:\/\/lgar.usthb.dz\/index.php\/wp-json\/wp\/v2\/pages\/31\/revisions\/171"}],"wp:attachment":[{"href":"https:\/\/lgar.usthb.dz\/index.php\/wp-json\/wp\/v2\/media?parent=31"}],"curies":[{"name":"wp","href":"https:\/\/api.w.org\/{rel}","templated":true}]}}