{"id":36,"date":"2024-11-28T20:48:05","date_gmt":"2024-11-28T20:48:05","guid":{"rendered":"http:\/\/193.194.89.193\/wp_lgar\/?page_id=36"},"modified":"2024-12-05T15:33:46","modified_gmt":"2024-12-05T15:33:46","slug":"doctorat","status":"publish","type":"page","link":"https:\/\/lgar.usthb.dz\/index.php\/doctorat\/","title":{"rendered":"Doctorat"},"content":{"rendered":"\n<figure class=\"wp-block-table\"><table><tbody><tr><td>Nom&nbsp;: <strong>MADANI<\/strong><\/td><td>Pr\u00e9nom&nbsp;: <strong>Hind<\/strong><\/td><td><strong>Doctorat (LMD)<\/strong><\/td><\/tr><tr><td>Date de soutenance<\/td><td colspan=\"2\">22 Janvier 2024<\/td><\/tr><tr><td colspan=\"3\">Sujet&nbsp;: La probl\u00e9matique du foncier dans la wilaya d\u2019Alger<\/td><\/tr><tr><td colspan=\"3\">Sp\u00e9cialit\u00e9&nbsp;: G\u00e9ographie et Am\u00e9nagement Option&nbsp;: Villes, Risques &amp; Am\u00e9nagement<\/td><\/tr><tr><td colspan=\"3\">Encadr\u00e9e par M. <strong>SETTI M\u2019hammed<\/strong><\/td><\/tr><tr><td colspan=\"3\">Institution&nbsp;: D\u00e9partement de G\u00e9ographie et d\u2019Am\u00e9nagement du Territoire FSTGAT \/Universit\u00e9 des Sciences et de la Technologie Houari Boumediene (USTHB)<\/td><\/tr><\/tbody><\/table><\/figure>\n\n\n\n<figure class=\"wp-block-table\"><table><tbody><tr><td>Nom&nbsp;: <strong>BOULESNANE<\/strong><\/td><td>Pr\u00e9nom&nbsp;: <strong>Amel<\/strong><\/td><td><strong>Doctorat (LMD)<\/strong><\/td><\/tr><tr><td>Date de soutenance<\/td><td colspan=\"2\">23 novembre 2023<\/td><\/tr><tr><td colspan=\"3\">Sujet&nbsp;: La r\u00e9alit\u00e9 du patrimoine urbain et son r\u00f4le dans le d\u00e9veloppement touristique dans le bassin d\u2019Oued Labiedh et Oued Abdi en montagnes des Aur\u00e8s<\/td><\/tr><tr><td colspan=\"3\">Sp\u00e9cialit\u00e9&nbsp;: G\u00e9ographie et Am\u00e9nagement Option&nbsp;: Am\u00e9nagement touristique durable du territoire<\/td><\/tr><tr><td colspan=\"3\">Encadr\u00e9e par M. <strong>ZERAIB Salah<\/strong><\/td><\/tr><tr><td colspan=\"3\">Institution&nbsp;: D\u00e9partement de G\u00e9ographie et d\u2019Am\u00e9nagement du Territoire FSTGAT \/Universit\u00e9 des Sciences et de la Technologie Houari Boumediene (USTHB)<\/td><\/tr><\/tbody><\/table><\/figure>\n","protected":false},"excerpt":{"rendered":"<p>Nom&nbsp;: MADANI Pr\u00e9nom&nbsp;: Hind Doctorat (LMD) Date de soutenance 22 Janvier 2024 Sujet&nbsp;: La probl\u00e9matique du foncier dans la wilaya d\u2019Alger Sp\u00e9cialit\u00e9&nbsp;: G\u00e9ographie et Am\u00e9nagement Option&nbsp;: Villes, Risques &amp; Am\u00e9nagement Encadr\u00e9e par M. SETTI M\u2019hammed Institution&nbsp;: D\u00e9partement de G\u00e9ographie et <span class=\"readmore\"><a href=\"https:\/\/lgar.usthb.dz\/index.php\/doctorat\/\">Continue Reading<\/a><\/span><\/p>\n","protected":false},"author":1,"featured_media":0,"parent":0,"menu_order":0,"comment_status":"closed","ping_status":"closed","template":"","meta":{"footnotes":""},"class_list":["post-36","page","type-page","status-publish","hentry"],"_links":{"self":[{"href":"https:\/\/lgar.usthb.dz\/index.php\/wp-json\/wp\/v2\/pages\/36","targetHints":{"allow":["GET"]}}],"collection":[{"href":"https:\/\/lgar.usthb.dz\/index.php\/wp-json\/wp\/v2\/pages"}],"about":[{"href":"https:\/\/lgar.usthb.dz\/index.php\/wp-json\/wp\/v2\/types\/page"}],"author":[{"embeddable":true,"href":"https:\/\/lgar.usthb.dz\/index.php\/wp-json\/wp\/v2\/users\/1"}],"replies":[{"embeddable":true,"href":"https:\/\/lgar.usthb.dz\/index.php\/wp-json\/wp\/v2\/comments?post=36"}],"version-history":[{"count":3,"href":"https:\/\/lgar.usthb.dz\/index.php\/wp-json\/wp\/v2\/pages\/36\/revisions"}],"predecessor-version":[{"id":275,"href":"https:\/\/lgar.usthb.dz\/index.php\/wp-json\/wp\/v2\/pages\/36\/revisions\/275"}],"wp:attachment":[{"href":"https:\/\/lgar.usthb.dz\/index.php\/wp-json\/wp\/v2\/media?parent=36"}],"curies":[{"name":"wp","href":"https:\/\/api.w.org\/{rel}","templated":true}]}}