{"id":64,"date":"2024-11-28T21:01:22","date_gmt":"2024-11-28T21:01:22","guid":{"rendered":"http:\/\/193.194.89.193\/wp_lgar\/?page_id=64"},"modified":"2024-11-30T15:46:37","modified_gmt":"2024-11-30T15:46:37","slug":"manifestations-scientifiques","status":"publish","type":"page","link":"https:\/\/lgar.usthb.dz\/index.php\/manifestations-scientifiques\/","title":{"rendered":"Manifestations scientifiques"},"content":{"rendered":"\n<p><a href=\"http:\/\/193.194.89.193\/wp_lgar\/index.php\/colloques\/\" data-type=\"page\" data-id=\"14\">Colloques<\/a><\/p>\n\n\n\n<p><a href=\"http:\/\/193.194.89.193\/wp_lgar\/index.php\/conferences\/\" data-type=\"page\" data-id=\"182\">Conf\u00e9rences<\/a><\/p>\n\n\n\n<p><a href=\"http:\/\/193.194.89.193\/wp_lgar\/index.php\/congres\/\" data-type=\"page\" data-id=\"32\">Congr<em>\u00e8<\/em>s<\/a><\/p>\n\n\n\n<p><a href=\"http:\/\/193.194.89.193\/wp_lgar\/index.php\/seminaires\/\" data-type=\"page\" data-id=\"90\">S\u00e9minaires<\/a><\/p>\n","protected":false},"excerpt":{"rendered":"<p>Colloques Conf\u00e9rences Congr\u00e8s S\u00e9minaires<\/p>\n","protected":false},"author":1,"featured_media":0,"parent":0,"menu_order":0,"comment_status":"closed","ping_status":"closed","template":"","meta":{"footnotes":""},"class_list":["post-64","page","type-page","status-publish","hentry"],"_links":{"self":[{"href":"https:\/\/lgar.usthb.dz\/index.php\/wp-json\/wp\/v2\/pages\/64","targetHints":{"allow":["GET"]}}],"collection":[{"href":"https:\/\/lgar.usthb.dz\/index.php\/wp-json\/wp\/v2\/pages"}],"about":[{"href":"https:\/\/lgar.usthb.dz\/index.php\/wp-json\/wp\/v2\/types\/page"}],"author":[{"embeddable":true,"href":"https:\/\/lgar.usthb.dz\/index.php\/wp-json\/wp\/v2\/users\/1"}],"replies":[{"embeddable":true,"href":"https:\/\/lgar.usthb.dz\/index.php\/wp-json\/wp\/v2\/comments?post=64"}],"version-history":[{"count":4,"href":"https:\/\/lgar.usthb.dz\/index.php\/wp-json\/wp\/v2\/pages\/64\/revisions"}],"predecessor-version":[{"id":189,"href":"https:\/\/lgar.usthb.dz\/index.php\/wp-json\/wp\/v2\/pages\/64\/revisions\/189"}],"wp:attachment":[{"href":"https:\/\/lgar.usthb.dz\/index.php\/wp-json\/wp\/v2\/media?parent=64"}],"curies":[{"name":"wp","href":"https:\/\/api.w.org\/{rel}","templated":true}]}}