{"id":73,"date":"2024-11-28T21:03:47","date_gmt":"2024-11-28T21:03:47","guid":{"rendered":"http:\/\/193.194.89.193\/wp_lgar\/?page_id=73"},"modified":"2024-12-05T13:10:00","modified_gmt":"2024-12-05T13:10:00","slug":"presentation-du-laboratoire","status":"publish","type":"page","link":"https:\/\/lgar.usthb.dz\/index.php\/presentation-du-laboratoire\/","title":{"rendered":"Pr\u00e9sentation du laboratoire"},"content":{"rendered":"\n<p>Le Laboratoire de G\u00e9ographie et d\u2019Am\u00e9nagement R\u00e9gional, cr\u00e9e par arr\u00eat\u00e9 minist\u00e9riel (MESRS) n\u00b0 247 du 11 d\u00e9cembre 2022 portant cr\u00e9ation de laboratoires de recherche scientifique.<\/p>\n\n\n\n<p>Code\u00a0: <strong>C0627200<\/strong><\/p>\n\n\n\n<p>Nombre d\u2019\u00e9quipe&nbsp;: 04<\/p>\n\n\n\n<p>Effectif&nbsp;: Enseignants chercheurs&nbsp;: 29<\/p>\n\n\n\n<p>Doctorants&nbsp;: 10<\/p>\n\n\n\n<p>Personnel de soutien&nbsp;: 01<\/p>\n\n\n\n<p><strong><strong>Activit\u00e9s<\/strong>&nbsp;:<\/strong><\/p>\n\n\n\n<p>Le LGAR s\u2019int\u00e9resse aux \u00e9tudes des diff\u00e9rentes branches de la G\u00e9ographie et leurs impacts sur l\u2019am\u00e9nagement et le d\u00e9veloppement r\u00e9gional.<\/p>\n\n\n\n<p>Il regroupe une vingtaine d\u2019enseignants-chercheurs au sein du d\u00e9partement ainsi que des chercheurs associ\u00e9s.<\/p>\n\n\n\n<p>Les compl\u00e9mentarit\u00e9s entre les m\u00e9thodologies des chercheurs rassembl\u00e9s dans le LGAR en font un centre comp\u00e9tent pour \u00e9tudier la G\u00e9ographie et ses diff\u00e9rents espaces dans la dimension local et r\u00e9gional, avec une attention transversale aux politiques locales et aux enjeux du d\u00e9veloppement durable.<\/p>\n\n\n\n<p>Le LGAR projette \u00e9galement d\u2019\u00e9tudier les structures, les processus d\u2019adaptation et les changements dans les espaces g\u00e9ographiques. Il positionne ses travaux dans le domaine de la g\u00e9ographie th\u00e9orique et quantitative, et plus sp\u00e9cifiquement de l\u2019analyse spatiale, tout en pratiquant une recherche interdisciplinaire par r\u00e9gions g\u00e9ographiques (r\u00e9gion naturelle ou administrative) en interne ou avec des partenaires ext\u00e9rieurs.<\/p>\n\n\n\n<p>Le laboratoire LGAR est charg\u00e9 de r\u00e9aliser des objectifs de recherche scientifique en G\u00e9ographie et en Am\u00e9nagement. A ce titre, il est charg\u00e9 notamment&nbsp;:<\/p>\n\n\n\n<ul class=\"wp-block-list\">\n<li>De contribuer \u00e0 la formation par et pour la recherche.<\/li>\n\n\n\n<li>De r\u00e9aliser des \u00e9tudes et des travaux en rapport avec son objet.<\/li>\n\n\n\n<li>De contribuer \u00e0 l\u2019\u00e9laboration des programmes de recherche dans le domaine de la G\u00e9ographie et de l\u2019Am\u00e9nagement.<\/li>\n\n\n\n<li>De contribuer \u00e0 l\u2019acquisition, \u00e0 la ma\u00eetrise et au d\u00e9veloppement de nouvelles connaissances scientifiques en la mati\u00e8re.<\/li>\n\n\n\n<li>De promouvoir et de diffuser les r\u00e9sultats de sa recherche par des publications d\u2019articles scientifiques dans des revues nationales et internationales.<\/li>\n\n\n\n<li>D\u2019assurer des expertises et de prestations de service au profit des tiers, conform\u00e9ment \u00e0 la r\u00e9glementation en vigueur.<\/li>\n\n\n\n<li>D\u2019organiser des s\u00e9minaires et des colloques nationaux et internationaux.<\/li>\n<\/ul>\n\n\n\n<p><strong><strong>Objectifs de recherche scientifique et de d\u00e9veloppement technologique&nbsp;<\/strong>&nbsp;:<\/strong><\/p>\n\n\n\n<p>Les recherches men\u00e9es au laboratoire LGAR s\u2019appuient sur des outils vari\u00e9s comme la cartographie, les SIG, les images satellitaires, les statistiques, les sources administratives, les enqu\u00eates de terrain, les entretiens biographiques, les corpus juridiques, etc.<\/p>\n\n\n\n<p>Le LGAR est impliqu\u00e9 dans la transmission des connaissances dans le cadre du Master \u00ab&nbsp;Am\u00e9nagement R\u00e9gional et Comp\u00e9titivit\u00e9 Territoriale&nbsp;\u00bb, et dans la formation doctorale.<\/p>\n\n\n\n<p>Le LGAR accorde une grande importance aux activit\u00e9s de publication nationale et internationale, de production cartographique, de documentation bibliographique et visuelle, d\u2019information scientifique et technique.<\/p>\n","protected":false},"excerpt":{"rendered":"<p>Le Laboratoire de G\u00e9ographie et d\u2019Am\u00e9nagement R\u00e9gional, cr\u00e9e par arr\u00eat\u00e9 minist\u00e9riel (MESRS) n\u00b0 247 du 11 d\u00e9cembre 2022 portant cr\u00e9ation de laboratoires de recherche scientifique. Code\u00a0: C0627200 Nombre d\u2019\u00e9quipe&nbsp;: 04 Effectif&nbsp;: Enseignants chercheurs&nbsp;: 29 Doctorants&nbsp;: 10 Personnel de soutien&nbsp;: 01 <span class=\"readmore\"><a href=\"https:\/\/lgar.usthb.dz\/index.php\/presentation-du-laboratoire\/\">Continue Reading<\/a><\/span><\/p>\n","protected":false},"author":1,"featured_media":0,"parent":0,"menu_order":0,"comment_status":"closed","ping_status":"closed","template":"","meta":{"footnotes":""},"class_list":["post-73","page","type-page","status-publish","hentry"],"_links":{"self":[{"href":"https:\/\/lgar.usthb.dz\/index.php\/wp-json\/wp\/v2\/pages\/73","targetHints":{"allow":["GET"]}}],"collection":[{"href":"https:\/\/lgar.usthb.dz\/index.php\/wp-json\/wp\/v2\/pages"}],"about":[{"href":"https:\/\/lgar.usthb.dz\/index.php\/wp-json\/wp\/v2\/types\/page"}],"author":[{"embeddable":true,"href":"https:\/\/lgar.usthb.dz\/index.php\/wp-json\/wp\/v2\/users\/1"}],"replies":[{"embeddable":true,"href":"https:\/\/lgar.usthb.dz\/index.php\/wp-json\/wp\/v2\/comments?post=73"}],"version-history":[{"count":8,"href":"https:\/\/lgar.usthb.dz\/index.php\/wp-json\/wp\/v2\/pages\/73\/revisions"}],"predecessor-version":[{"id":194,"href":"https:\/\/lgar.usthb.dz\/index.php\/wp-json\/wp\/v2\/pages\/73\/revisions\/194"}],"wp:attachment":[{"href":"https:\/\/lgar.usthb.dz\/index.php\/wp-json\/wp\/v2\/media?parent=73"}],"curies":[{"name":"wp","href":"https:\/\/api.w.org\/{rel}","templated":true}]}}