{"id":8,"date":"2024-11-28T20:34:58","date_gmt":"2024-11-28T20:34:58","guid":{"rendered":"http:\/\/193.194.89.193\/wp_lgar\/?page_id=8"},"modified":"2024-11-30T13:06:58","modified_gmt":"2024-11-30T13:06:58","slug":"accueil","status":"publish","type":"page","link":"https:\/\/lgar.usthb.dz\/","title":{"rendered":"Accueil"},"content":{"rendered":"\n<p><strong>DENTIFICATION<\/strong><\/p>\n\n\n\n<figure class=\"wp-block-table\"><table><tbody><tr><td><strong>Nom<\/strong><\/td><td>Laboratoire de  G\u00e9ographie et d\u2019Am\u00e9nagement R\u00e9gional<\/td><\/tr><tr><td><strong>Acronyme<\/strong><\/td><td>LGAR<\/td><\/tr><tr><td><strong>Mots cl\u00e9s&nbsp;<\/strong><\/td><td>G\u00e9ographie, Espace g\u00e9ographique, Am\u00e9nagement r\u00e9gional, D\u00e9veloppement durable, Environnement, Ville, Rural, D\u00e9sert, Montagne, Littoral, Risques, Tourisme, Energie, Flux, Echange, Transport, Ressource naturelle, T\u00e9l\u00e9d\u00e9tection et SIG.<\/td><\/tr><tr><td><strong>Facult\u00e9<\/strong><\/td><td>Facult\u00e9 des Sciences de la Terre, de la G\u00e9ographie et&nbsp; de l\u2019Am\u00e9nagement du Territoire (FSTGAT)<\/td><\/tr><tr><td><strong>D\u00e9partement<\/strong><\/td><td>G\u00e9ographie et de l\u2019Am\u00e9nagement du Territoire<\/td><\/tr><tr><td><strong>\u00c9tablissement<\/strong><\/td><td>Universit\u00e9 des Sciences et de la Technologie Houari&nbsp; Boumediene (USTHB)<\/td><\/tr><tr><td><strong>Localisation physique<\/strong><\/td><td>FSTGAT \u2013 USTHB<\/td><\/tr><\/tbody><\/table><\/figure>\n","protected":false},"excerpt":{"rendered":"<p>DENTIFICATION Nom Laboratoire de G\u00e9ographie et d\u2019Am\u00e9nagement R\u00e9gional Acronyme LGAR Mots cl\u00e9s&nbsp; G\u00e9ographie, Espace g\u00e9ographique, Am\u00e9nagement r\u00e9gional, D\u00e9veloppement durable, Environnement, Ville, Rural, D\u00e9sert, Montagne, Littoral, Risques, Tourisme, Energie, Flux, Echange, Transport, Ressource naturelle, T\u00e9l\u00e9d\u00e9tection et SIG. Facult\u00e9 Facult\u00e9 des Sciences <span class=\"readmore\"><a href=\"https:\/\/lgar.usthb.dz\/\">Continue Reading<\/a><\/span><\/p>\n","protected":false},"author":1,"featured_media":0,"parent":0,"menu_order":0,"comment_status":"closed","ping_status":"closed","template":"","meta":{"footnotes":""},"class_list":["post-8","page","type-page","status-publish","hentry"],"_links":{"self":[{"href":"https:\/\/lgar.usthb.dz\/index.php\/wp-json\/wp\/v2\/pages\/8","targetHints":{"allow":["GET"]}}],"collection":[{"href":"https:\/\/lgar.usthb.dz\/index.php\/wp-json\/wp\/v2\/pages"}],"about":[{"href":"https:\/\/lgar.usthb.dz\/index.php\/wp-json\/wp\/v2\/types\/page"}],"author":[{"embeddable":true,"href":"https:\/\/lgar.usthb.dz\/index.php\/wp-json\/wp\/v2\/users\/1"}],"replies":[{"embeddable":true,"href":"https:\/\/lgar.usthb.dz\/index.php\/wp-json\/wp\/v2\/comments?post=8"}],"version-history":[{"count":2,"href":"https:\/\/lgar.usthb.dz\/index.php\/wp-json\/wp\/v2\/pages\/8\/revisions"}],"predecessor-version":[{"id":140,"href":"https:\/\/lgar.usthb.dz\/index.php\/wp-json\/wp\/v2\/pages\/8\/revisions\/140"}],"wp:attachment":[{"href":"https:\/\/lgar.usthb.dz\/index.php\/wp-json\/wp\/v2\/media?parent=8"}],"curies":[{"name":"wp","href":"https:\/\/api.w.org\/{rel}","templated":true}]}}