{"id":83,"date":"2024-11-28T21:08:33","date_gmt":"2024-11-28T21:08:33","guid":{"rendered":"http:\/\/193.194.89.193\/wp_lgar\/?page_id=83"},"modified":"2024-12-05T15:26:54","modified_gmt":"2024-12-05T15:26:54","slug":"projets-de-recherche","status":"publish","type":"page","link":"https:\/\/lgar.usthb.dz\/index.php\/projets-de-recherche\/","title":{"rendered":"Projets de recherche"},"content":{"rendered":"\n<figure class=\"wp-block-table\"><table><tbody><tr><td><strong>PRFU<\/strong><br><strong>SETTI Mhammed<\/strong>. Chef de projet PRFU. <strong>Projet agr\u00e9e \u00e0 partir<\/strong> de 01\/01\/2020 au 31\/12\/2023 <strong>Code<\/strong>\u00a0: E03L01UN160420200003 <strong>Intitul\u00e9<\/strong>\u00a0: L\u2019espace local en Alg\u00e9rie\u00a0: D\u00e9veloppement et Am\u00e9nagement D\u00e9partement de G\u00e9ographie et d\u2019Am\u00e9nagement du Territoire. FSTGAT \u2013 USTHB &#8211; Alger<\/td><\/tr><\/tbody><\/table><\/figure>\n\n\n\n<figure class=\"wp-block-table\"><table><tbody><tr><td><strong>PRFU<\/strong><br><strong>BELAID Lies<\/strong>. Chef de projet PRFU. <strong>Projet agr\u00e9e \u00e0 partir<\/strong> de 01\/01\/2022 au 31\/12\/2025 <strong>Code<\/strong>\u00a0: E03L01UN160420220005 <strong>Intitul\u00e9<\/strong>\u00a0: Evaluation des risques et probl\u00e8mes environnementaux en Alg\u00e9rie en utilisant la technologie de la T\u00e9l\u00e9d\u00e9tection et les Syst\u00e8mes d\u2019Information G\u00e9ographique D\u00e9partement de G\u00e9ographie et d\u2019Am\u00e9nagement du Territoire. FSTGAT \u2013 USTHB &#8211; Alger<\/td><\/tr><\/tbody><\/table><\/figure>\n","protected":false},"excerpt":{"rendered":"<p>PRFUSETTI Mhammed. Chef de projet PRFU. Projet agr\u00e9e \u00e0 partir de 01\/01\/2020 au 31\/12\/2023 Code\u00a0: E03L01UN160420200003 Intitul\u00e9\u00a0: L\u2019espace local en Alg\u00e9rie\u00a0: D\u00e9veloppement et Am\u00e9nagement D\u00e9partement de G\u00e9ographie et d\u2019Am\u00e9nagement du Territoire. FSTGAT \u2013 USTHB &#8211; Alger PRFUBELAID Lies. Chef de <span class=\"readmore\"><a href=\"https:\/\/lgar.usthb.dz\/index.php\/projets-de-recherche\/\">Continue Reading<\/a><\/span><\/p>\n","protected":false},"author":1,"featured_media":0,"parent":0,"menu_order":0,"comment_status":"closed","ping_status":"closed","template":"","meta":{"footnotes":""},"class_list":["post-83","page","type-page","status-publish","hentry"],"_links":{"self":[{"href":"https:\/\/lgar.usthb.dz\/index.php\/wp-json\/wp\/v2\/pages\/83","targetHints":{"allow":["GET"]}}],"collection":[{"href":"https:\/\/lgar.usthb.dz\/index.php\/wp-json\/wp\/v2\/pages"}],"about":[{"href":"https:\/\/lgar.usthb.dz\/index.php\/wp-json\/wp\/v2\/types\/page"}],"author":[{"embeddable":true,"href":"https:\/\/lgar.usthb.dz\/index.php\/wp-json\/wp\/v2\/users\/1"}],"replies":[{"embeddable":true,"href":"https:\/\/lgar.usthb.dz\/index.php\/wp-json\/wp\/v2\/comments?post=83"}],"version-history":[{"count":2,"href":"https:\/\/lgar.usthb.dz\/index.php\/wp-json\/wp\/v2\/pages\/83\/revisions"}],"predecessor-version":[{"id":272,"href":"https:\/\/lgar.usthb.dz\/index.php\/wp-json\/wp\/v2\/pages\/83\/revisions\/272"}],"wp:attachment":[{"href":"https:\/\/lgar.usthb.dz\/index.php\/wp-json\/wp\/v2\/media?parent=83"}],"curies":[{"name":"wp","href":"https:\/\/api.w.org\/{rel}","templated":true}]}}